{"id":156,"date":"2020-02-26T19:19:01","date_gmt":"2020-02-26T18:19:01","guid":{"rendered":"http:\/\/wfl.sk\/?page_id=156"},"modified":"2025-04-07T09:44:59","modified_gmt":"2025-04-07T07:44:59","slug":"domov","status":"publish","type":"page","link":"https:\/\/wfl.sk\/","title":{"rendered":"Domov"},"content":{"rendered":"\t\t<div data-elementor-type=\"wp-page\" data-elementor-id=\"156\" class=\"elementor elementor-156\">\n\t\t\t\t\t\t<div class=\"elementor-inner\">\n\t\t\t\t<div class=\"elementor-section-wrap\">\n\t\t\t\t\t\t\t\t\t<section class=\"elementor-section elementor-top-section elementor-element elementor-element-d8cd9f1 elementor-section-boxed elementor-section-height-default elementor-section-height-default\" data-id=\"d8cd9f1\" data-element_type=\"section\">\n\t\t\t\t\t\t<div class=\"elementor-container elementor-column-gap-default\">\n\t\t\t\t\t\t\t<div class=\"elementor-row\">\n\t\t\t\t\t<div class=\"elementor-column elementor-col-100 elementor-top-column elementor-element elementor-element-5c235dc\" data-id=\"5c235dc\" data-element_type=\"column\">\n\t\t\t<div class=\"elementor-column-wrap elementor-element-populated\">\n\t\t\t\t\t\t\t<div class=\"elementor-widget-wrap\">\n\t\t\t\t\t\t\t\t<\/div>\n\t\t\t\t\t<\/div>\n\t\t<\/div>\n\t\t\t\t\t\t\t\t<\/div>\n\t\t\t\t\t<\/div>\n\t\t<\/section>\n\t\t\t\t<section class=\"elementor-section elementor-top-section elementor-element elementor-element-87fbd1b elementor-section-boxed elementor-section-height-default elementor-section-height-default\" data-id=\"87fbd1b\" data-element_type=\"section\">\n\t\t\t\t\t\t<div class=\"elementor-container elementor-column-gap-default\">\n\t\t\t\t\t\t\t<div class=\"elementor-row\">\n\t\t\t\t\t<div class=\"elementor-column elementor-col-100 elementor-top-column elementor-element elementor-element-731fce3\" data-id=\"731fce3\" data-element_type=\"column\">\n\t\t\t<div class=\"elementor-column-wrap elementor-element-populated\">\n\t\t\t\t\t\t\t<div class=\"elementor-widget-wrap\">\n\t\t\t\t\t\t<div class=\"elementor-element elementor-element-1e4c845 elementor-widget elementor-widget-spacer\" data-id=\"1e4c845\" data-element_type=\"widget\" data-widget_type=\"spacer.default\">\n\t\t\t\t<div class=\"elementor-widget-container\">\n\t\t\t\t\t<div class=\"elementor-spacer\">\n\t\t\t<div class=\"elementor-spacer-inner\"><\/div>\n\t\t<\/div>\n\t\t\t\t<\/div>\n\t\t\t\t<\/div>\n\t\t\t\t\t\t<\/div>\n\t\t\t\t\t<\/div>\n\t\t<\/div>\n\t\t\t\t\t\t\t\t<\/div>\n\t\t\t\t\t<\/div>\n\t\t<\/section>\n\t\t\t\t<section class=\"elementor-section elementor-top-section elementor-element elementor-element-5b58fcc elementor-section-boxed elementor-section-height-default elementor-section-height-default\" data-id=\"5b58fcc\" data-element_type=\"section\">\n\t\t\t\t\t\t<div class=\"elementor-container elementor-column-gap-default\">\n\t\t\t\t\t\t\t<div class=\"elementor-row\">\n\t\t\t\t\t<div class=\"elementor-column elementor-col-100 elementor-top-column elementor-element elementor-element-24d31a9\" data-id=\"24d31a9\" data-element_type=\"column\">\n\t\t\t<div class=\"elementor-column-wrap elementor-element-populated\">\n\t\t\t\t\t\t\t<div class=\"elementor-widget-wrap\">\n\t\t\t\t\t\t<div class=\"elementor-element elementor-element-0b74c8d elementor-widget elementor-widget-heading\" data-id=\"0b74c8d\" data-element_type=\"widget\" data-widget_type=\"heading.default\">\n\t\t\t\t<div class=\"elementor-widget-container\">\n\t\t\t<h1 class=\"elementor-heading-title elementor-size-large\">\u010cISTIARNE ODPADOV\u00ddCH V\u00d4D    \u25cf    ZBERN\u00c9 N\u00c1DOBY, N\u00c1DR\u017dE, \u017dUMPY    \u25cf     VODOMERN\u00c9 A PRE\u010cERP\u00c1VACIE \u0160ACHTY    \u25cf     BAZ\u00c9NY   \n\n\u25cf     ODLU\u010cOVA\u010cE TUKOV     \u25cf   PO\u017dIARNE N\u00c1DR\u017dE<\/h1>\t\t<\/div>\n\t\t\t\t<\/div>\n\t\t\t\t\t\t<\/div>\n\t\t\t\t\t<\/div>\n\t\t<\/div>\n\t\t\t\t\t\t\t\t<\/div>\n\t\t\t\t\t<\/div>\n\t\t<\/section>\n\t\t\t\t<section class=\"elementor-section elementor-top-section elementor-element elementor-element-c62762c elementor-section-boxed elementor-section-height-default elementor-section-height-default\" data-id=\"c62762c\" data-element_type=\"section\">\n\t\t\t\t\t\t<div class=\"elementor-container elementor-column-gap-default\">\n\t\t\t\t\t\t\t<div class=\"elementor-row\">\n\t\t\t\t\t<div class=\"elementor-column elementor-col-100 elementor-top-column elementor-element elementor-element-07cdfe2\" data-id=\"07cdfe2\" data-element_type=\"column\">\n\t\t\t<div class=\"elementor-column-wrap elementor-element-populated\">\n\t\t\t\t\t\t\t<div class=\"elementor-widget-wrap\">\n\t\t\t\t\t\t<div class=\"elementor-element elementor-element-30327ca elementor-widget elementor-widget-alert\" data-id=\"30327ca\" data-element_type=\"widget\" data-widget_type=\"alert.default\">\n\t\t\t\t<div class=\"elementor-widget-container\">\n\t\t\t\t\t<div class=\"elementor-alert elementor-alert-warning\" role=\"alert\">\n\t\t\t<span class=\"elementor-alert-title\">POZOR!!!<\/span>\n\t\t\t\t\t\t\t<span class=\"elementor-alert-description\">Ka\u017ed\u00fd jeden v\u00fdrobok je vyroben\u00fd v\u00fdhradne z nerecyklovan\u00e9ho materi\u00e1lu. (Recykl\u00e1t je \u010diernej farby a m\u00e1 zn\u00ed\u017een\u00fa pevnos\u0165  a zvarite\u013enos\u0165 v niektor\u00fdch pr\u00edpadoch a\u017e o polovicu.)<\/span>\n\t\t\t\t\t\t\t\t<\/div>\n\t\t\t\t<\/div>\n\t\t\t\t<\/div>\n\t\t\t\t\t\t<\/div>\n\t\t\t\t\t<\/div>\n\t\t<\/div>\n\t\t\t\t\t\t\t\t<\/div>\n\t\t\t\t\t<\/div>\n\t\t<\/section>\n\t\t\t\t<section class=\"elementor-section elementor-top-section elementor-element elementor-element-9ea77e5 elementor-section-boxed elementor-section-height-default elementor-section-height-default\" data-id=\"9ea77e5\" data-element_type=\"section\">\n\t\t\t\t\t\t<div class=\"elementor-container elementor-column-gap-default\">\n\t\t\t\t\t\t\t<div class=\"elementor-row\">\n\t\t\t\t\t<div class=\"elementor-column elementor-col-100 elementor-top-column elementor-element elementor-element-7a8c88d\" data-id=\"7a8c88d\" data-element_type=\"column\">\n\t\t\t<div class=\"elementor-column-wrap elementor-element-populated\">\n\t\t\t\t\t\t\t<div class=\"elementor-widget-wrap\">\n\t\t\t\t\t\t<div class=\"elementor-element elementor-element-412d1f4 elementor-widget elementor-widget-text-editor\" data-id=\"412d1f4\" data-element_type=\"widget\" data-widget_type=\"text-editor.default\">\n\t\t\t\t<div class=\"elementor-widget-container\">\n\t\t\t\t\t\t\t\t<div class=\"elementor-text-editor elementor-clearfix\">\n\t\t\t\t<div id=\"content\" class=\"site-content\"><div class=\"ast-container\"><div id=\"primary\" class=\"content-area primary\"><main id=\"main\" class=\"site-main\"><article id=\"post-111\" class=\"post-111 page type-page status-publish ast-article-single\"><div class=\"entry-content clear\"><div class=\"elementor elementor-111\" data-elementor-type=\"wp-page\" data-elementor-id=\"111\" data-elementor-settings=\"[]\"><div class=\"elementor-inner\"><div class=\"elementor-section-wrap\"><section class=\"elementor-element elementor-element-c5bd9ca elementor-section-boxed elementor-section-height-default elementor-section-height-default elementor-section elementor-top-section\" data-id=\"c5bd9ca\" data-element_type=\"section\"><div class=\"elementor-container elementor-column-gap-default\"><div class=\"elementor-row\"><div class=\"elementor-element elementor-element-bf0a7d5 elementor-column elementor-col-100 elementor-top-column\" data-id=\"bf0a7d5\" data-element_type=\"column\"><div class=\"elementor-column-wrap  elementor-element-populated\"><div class=\"elementor-widget-wrap\"><div class=\"elementor-element elementor-element-72efce1 elementor-widget elementor-widget-text-editor\" data-id=\"72efce1\" data-element_type=\"widget\" data-widget_type=\"text-editor.default\"><div class=\"elementor-widget-container\"><div class=\"elementor-text-editor elementor-clearfix\"><p style=\"text-align: center;\"><span style=\"color: #000000;\">Hlavn\u00fdm profilom na\u0161ej spolo\u010dnosti WFL \u2013 Mont s.r.o., s\u00eddliacej v obci \u010cenkovce s\u00fa nasledovn\u00e9 \u010dinnosti: \u00a0<\/span><\/p><p style=\"text-align: center;\">\u25c6<strong>\u00a0 V\u00fdroba a mont\u00e1\u017e plastov\u00fdch zbern\u00fdch n\u00e1dob, \u017e\u00famp<\/strong><\/p><p style=\"text-align: center;\"><strong>\u25c6\u00a0 Predaj, mont\u00e1\u017e a servis \u010distiarn\u00ed odpadov\u00fdch v\u00f4d \u2013 \u010cOV\u00a0<\/strong><\/p><p style=\"text-align: center;\"><strong>\u25c6\u00a0 V\u00fdroba a mont\u00e1\u017e vodomern\u00fdch a pre\u010derp\u00e1vac\u00edch \u0161\u00e1cht\u00a0<\/strong><\/p><p style=\"text-align: center;\"><strong>\u25c6\u00a0 V\u00fdroba a mont\u00e1\u017e odlu\u010dova\u010dov tukov<\/strong><\/p><p style=\"text-align: center;\"><strong>\u00a0\u25c6\u00a0 V\u00fdroba a mont\u00e1\u017e baz\u00e9nov\u00a0<\/strong><\/p><p style=\"text-align: center;\"><strong>\u25c6\u00a0V\u00fdroba po\u017eiarnych n\u00e1dr\u017e\u00ed<\/strong><\/p><p style=\"text-align: center;\">Na v\u00fdvobu sa pou\u017e\u00edvaj\u00fa polypropyl\u00e9nov\u00e9 dosky. Materi\u00e1l je odoln\u00fd vo\u010di kyselin\u00e1m, z\u00e1sad\u00e1m a v\u00e4\u010d\u0161ine rozp\u00fa\u0161\u0165adiel. N\u00e1dr\u017ee maj\u00fa dlh\u00fa \u017eivotnos\u0165, n\u00edzku hmotnos\u0165 a minim\u00e1lne n\u00e1roky na \u00fadr\u017ebu.<\/p><p style=\"text-align: center;\"><strong>Ka\u017ed\u00fd n\u00e1\u0161 v\u00fdrobok je podlo\u017een\u00fd certifik\u00e1tom vodotesnosti STN EN 12566-3. Certifik\u00e1t vyd\u00e1vame pri odovzdan\u00ed na\u0161ich produktov.<\/strong><\/p><\/div><\/div><\/div><\/div><\/div><\/div><\/div><\/div><\/section><\/div><\/div><\/div><\/div><\/article><\/main><\/div><\/div><\/div>\t\t\t\t\t<\/div>\n\t\t\t\t\t\t<\/div>\n\t\t\t\t<\/div>\n\t\t\t\t\t\t<\/div>\n\t\t\t\t\t<\/div>\n\t\t<\/div>\n\t\t\t\t\t\t\t\t<\/div>\n\t\t\t\t\t<\/div>\n\t\t<\/section>\n\t\t\t\t\t\t\t\t\t<\/div>\n\t\t\t<\/div>\n\t\t\t\t\t<\/div>\n\t\t","protected":false},"excerpt":{"rendered":"<p>\u010cISTIARNE ODPADOV\u00ddCH V\u00d4D \u25cf ZBERN\u00c9 N\u00c1DOBY, N\u00c1DR\u017dE, \u017dUMPY \u25cf VODOMERN\u00c9 A PRE\u010cERP\u00c1VACIE \u0160ACHTY \u25cf BAZ\u00c9NY \u25cf ODLU\u010cOVA\u010cE TUKOV \u25cf PO\u017dIARNE N\u00c1DR\u017dE POZOR!!! Ka\u017ed\u00fd jeden v\u00fdrobok je vyroben\u00fd v\u00fdhradne z nerecyklovan\u00e9ho materi\u00e1lu. (Recykl\u00e1t je \u010diernej farby a m\u00e1 zn\u00ed\u017een\u00fa pevnos\u0165 a zvarite\u013enos\u0165 v niektor\u00fdch pr\u00edpadoch a\u017e o polovicu.) Hlavn\u00fdm profilom na\u0161ej spolo\u010dnosti WFL \u2013 Mont s.r.o., &hellip;<\/p>\n<p class=\"read-more\"> <a class=\"\" href=\"https:\/\/wfl.sk\/\"> <span class=\"screen-reader-text\">Domov<\/span> \u010c\u00edtajte viac &raquo;<\/a><\/p>\n","protected":false},"author":1,"featured_media":0,"parent":0,"menu_order":0,"comment_status":"closed","ping_status":"closed","template":"","meta":{"spay_email":"","footnotes":""},"class_list":["post-156","page","type-page","status-publish","hentry"],"_links":{"self":[{"href":"https:\/\/wfl.sk\/index.php?rest_route=\/wp\/v2\/pages\/156","targetHints":{"allow":["GET"]}}],"collection":[{"href":"https:\/\/wfl.sk\/index.php?rest_route=\/wp\/v2\/pages"}],"about":[{"href":"https:\/\/wfl.sk\/index.php?rest_route=\/wp\/v2\/types\/page"}],"author":[{"embeddable":true,"href":"https:\/\/wfl.sk\/index.php?rest_route=\/wp\/v2\/users\/1"}],"replies":[{"embeddable":true,"href":"https:\/\/wfl.sk\/index.php?rest_route=%2Fwp%2Fv2%2Fcomments&post=156"}],"version-history":[{"count":15,"href":"https:\/\/wfl.sk\/index.php?rest_route=\/wp\/v2\/pages\/156\/revisions"}],"predecessor-version":[{"id":386,"href":"https:\/\/wfl.sk\/index.php?rest_route=\/wp\/v2\/pages\/156\/revisions\/386"}],"wp:attachment":[{"href":"https:\/\/wfl.sk\/index.php?rest_route=%2Fwp%2Fv2%2Fmedia&parent=156"}],"curies":[{"name":"wp","href":"https:\/\/api.w.org\/{rel}","templated":true}]}}