{"id":118,"date":"2020-02-25T22:47:58","date_gmt":"2020-02-25T21:47:58","guid":{"rendered":"http:\/\/wfl.sk\/?page_id=118"},"modified":"2025-12-05T22:16:32","modified_gmt":"2025-12-05T21:16:32","slug":"vodomerne-a-precerpavacie-sachty","status":"publish","type":"page","link":"https:\/\/wfl.sk\/?page_id=118","title":{"rendered":"Vodomern\u00e9 a pre\u010derp\u00e1vacie \u0161achty"},"content":{"rendered":"\t\t<div data-elementor-type=\"wp-page\" data-elementor-id=\"118\" class=\"elementor elementor-118\">\n\t\t\t\t\t\t<div class=\"elementor-inner\">\n\t\t\t\t<div class=\"elementor-section-wrap\">\n\t\t\t\t\t\t\t\t\t<section class=\"elementor-section elementor-top-section elementor-element elementor-element-4efa883 elementor-section-boxed elementor-section-height-default elementor-section-height-default\" data-id=\"4efa883\" data-element_type=\"section\">\n\t\t\t\t\t\t<div class=\"elementor-container elementor-column-gap-default\">\n\t\t\t\t\t\t\t<div class=\"elementor-row\">\n\t\t\t\t\t<div class=\"elementor-column elementor-col-100 elementor-top-column elementor-element elementor-element-88fa582\" data-id=\"88fa582\" data-element_type=\"column\">\n\t\t\t<div class=\"elementor-column-wrap elementor-element-populated\">\n\t\t\t\t\t\t\t<div class=\"elementor-widget-wrap\">\n\t\t\t\t\t\t\t\t<\/div>\n\t\t\t\t\t<\/div>\n\t\t<\/div>\n\t\t\t\t\t\t\t\t<\/div>\n\t\t\t\t\t<\/div>\n\t\t<\/section>\n\t\t\t\t<section class=\"elementor-section elementor-top-section elementor-element elementor-element-dc9c93a elementor-section-boxed elementor-section-height-default elementor-section-height-default\" data-id=\"dc9c93a\" data-element_type=\"section\">\n\t\t\t\t\t\t<div class=\"elementor-container elementor-column-gap-default\">\n\t\t\t\t\t\t\t<div class=\"elementor-row\">\n\t\t\t\t\t<div class=\"elementor-column elementor-col-100 elementor-top-column elementor-element elementor-element-a9ba1de\" data-id=\"a9ba1de\" data-element_type=\"column\">\n\t\t\t<div class=\"elementor-column-wrap elementor-element-populated\">\n\t\t\t\t\t\t\t<div class=\"elementor-widget-wrap\">\n\t\t\t\t\t\t<div class=\"elementor-element elementor-element-538ea64 elementor-widget elementor-widget-spacer\" data-id=\"538ea64\" data-element_type=\"widget\" data-widget_type=\"spacer.default\">\n\t\t\t\t<div class=\"elementor-widget-container\">\n\t\t\t\t\t<div class=\"elementor-spacer\">\n\t\t\t<div class=\"elementor-spacer-inner\"><\/div>\n\t\t<\/div>\n\t\t\t\t<\/div>\n\t\t\t\t<\/div>\n\t\t\t\t\t\t<\/div>\n\t\t\t\t\t<\/div>\n\t\t<\/div>\n\t\t\t\t\t\t\t\t<\/div>\n\t\t\t\t\t<\/div>\n\t\t<\/section>\n\t\t\t\t<section class=\"elementor-section elementor-top-section elementor-element elementor-element-f912fe0 elementor-section-boxed elementor-section-height-default elementor-section-height-default\" data-id=\"f912fe0\" data-element_type=\"section\">\n\t\t\t\t\t\t<div class=\"elementor-container elementor-column-gap-default\">\n\t\t\t\t\t\t\t<div class=\"elementor-row\">\n\t\t\t\t\t<div class=\"elementor-column elementor-col-100 elementor-top-column elementor-element elementor-element-b769b63\" data-id=\"b769b63\" data-element_type=\"column\">\n\t\t\t<div class=\"elementor-column-wrap elementor-element-populated\">\n\t\t\t\t\t\t\t<div class=\"elementor-widget-wrap\">\n\t\t\t\t\t\t<div class=\"elementor-element elementor-element-d2a7113 elementor-widget elementor-widget-heading\" data-id=\"d2a7113\" data-element_type=\"widget\" data-widget_type=\"heading.default\">\n\t\t\t\t<div class=\"elementor-widget-container\">\n\t\t\t<h2 class=\"elementor-heading-title elementor-size-default\">Vodomern\u00e9 a pre\u010derp\u00e1vacie \u0161achty<\/h2>\t\t<\/div>\n\t\t\t\t<\/div>\n\t\t\t\t\t\t<\/div>\n\t\t\t\t\t<\/div>\n\t\t<\/div>\n\t\t\t\t\t\t\t\t<\/div>\n\t\t\t\t\t<\/div>\n\t\t<\/section>\n\t\t\t\t<section class=\"elementor-section elementor-top-section elementor-element elementor-element-0758b5d elementor-section-boxed elementor-section-height-default elementor-section-height-default\" data-id=\"0758b5d\" data-element_type=\"section\">\n\t\t\t\t\t\t<div class=\"elementor-container elementor-column-gap-default\">\n\t\t\t\t\t\t\t<div class=\"elementor-row\">\n\t\t\t\t\t<div class=\"elementor-column elementor-col-50 elementor-top-column elementor-element elementor-element-9e7198a\" data-id=\"9e7198a\" data-element_type=\"column\">\n\t\t\t<div class=\"elementor-column-wrap elementor-element-populated\">\n\t\t\t\t\t\t\t<div class=\"elementor-widget-wrap\">\n\t\t\t\t\t\t<div class=\"elementor-element elementor-element-a0d7ed6 elementor-widget elementor-widget-image\" data-id=\"a0d7ed6\" data-element_type=\"widget\" data-widget_type=\"image.default\">\n\t\t\t\t<div class=\"elementor-widget-container\">\n\t\t\t\t\t\t\t\t<div class=\"elementor-image\">\n\t\t\t\t\t\t\t\t\t\t\t\t<img loading=\"lazy\" decoding=\"async\" width=\"645\" height=\"1024\" src=\"https:\/\/wfl.sk\/wp-content\/uploads\/2020\/03\/IMG_3565-3-645x1024.jpg\" class=\"attachment-large size-large\" alt=\"\" srcset=\"https:\/\/wfl.sk\/wp-content\/uploads\/2020\/03\/IMG_3565-3-645x1024.jpg 645w, https:\/\/wfl.sk\/wp-content\/uploads\/2020\/03\/IMG_3565-3-189x300.jpg 189w, https:\/\/wfl.sk\/wp-content\/uploads\/2020\/03\/IMG_3565-3-768x1220.jpg 768w, https:\/\/wfl.sk\/wp-content\/uploads\/2020\/03\/IMG_3565-3-967x1536.jpg 967w, https:\/\/wfl.sk\/wp-content\/uploads\/2020\/03\/IMG_3565-3-1289x2048.jpg 1289w, https:\/\/wfl.sk\/wp-content\/uploads\/2020\/03\/IMG_3565-3-600x953.jpg 600w, https:\/\/wfl.sk\/wp-content\/uploads\/2020\/03\/IMG_3565-3-scaled.jpg 1612w\" sizes=\"auto, (max-width: 645px) 100vw, 645px\" \/>\t\t\t\t\t\t\t\t\t\t\t\t\t\t<\/div>\n\t\t\t\t\t\t<\/div>\n\t\t\t\t<\/div>\n\t\t\t\t\t\t<\/div>\n\t\t\t\t\t<\/div>\n\t\t<\/div>\n\t\t\t\t<div class=\"elementor-column elementor-col-50 elementor-top-column elementor-element elementor-element-d0ac6c9\" data-id=\"d0ac6c9\" data-element_type=\"column\">\n\t\t\t<div class=\"elementor-column-wrap elementor-element-populated\">\n\t\t\t\t\t\t\t<div class=\"elementor-widget-wrap\">\n\t\t\t\t\t\t<div class=\"elementor-element elementor-element-bff525e elementor-widget elementor-widget-text-editor\" data-id=\"bff525e\" data-element_type=\"widget\" data-widget_type=\"text-editor.default\">\n\t\t\t\t<div class=\"elementor-widget-container\">\n\t\t\t\t\t\t\t\t<div class=\"elementor-text-editor elementor-clearfix\">\n\t\t\t\t<h4><span style=\"color: #000000;\"><strong>VODOMERN\u00c9 \u0160ACHTY\u00a0 \u00a0 \u00a0 \u00a0\u00a0<\/strong><\/span><\/h4><h5><strong>Rozmery:\u00a0 <\/strong>Priemer 1m, celkov\u00e1 v\u00fd\u0161ka 1,5m<\/h5><p><span style=\"color: #000000;\">Vodomern\u00e9 \u0161achty s\u00fa vyr\u00e1ban\u00e9 z nerecyklovan\u00e9ho polypropyl\u00e9nu bielej barby. Po zv\u00e1ran\u00ed zaru\u010dujeme vodotesnos\u0165. Maj\u00fa dlh\u00fa \u017eivotnos\u0165 a n\u00edzku hmotnos\u0165. Tieto \u0161achty nie je nutn\u00e9 obet\u00f3nova\u0165 a manipul\u00e1cia s nimi je jednoduch\u00e1. V z\u00e1kladnom preveden\u00ed je VS vybaven\u00e1 s krytom \u0161tandard, stupa\u010dkami a otvormi s vtokov\u00fdmi tesneniami DN 32 pre prepojenie vodomern\u00e9ho potrubia. V\u00fdkop stavebnej jamy by mal by\u0165 o 4 cm v\u00e4\u010d\u0161\u00ed ako priemer n\u00e1dr\u017ee. Po zakopan\u00ed VS sa d\u00e1 hrdlo nav\u00fd\u0161i\u0165 pod\u013ea v\u00fd\u0161ky ter\u00e9nnych \u00faprav. Na obsypanie je mo\u017en\u00e9 pou\u017ei\u0165 trieden\u00fa zeminu zbaven\u00fa ostr\u00fdch kame\u0148ov alebo rie\u010dny \u0161trk frakcie 4 \u2013 8 mm. Obsypanie je nutn\u00e9 vykon\u00e1va\u0165 ru\u010dne, obsyp sa zhut\u0148uje po 30 cm vrstv\u00e1ch. V pr\u00edpade v\u00fdskytu vysokej spodnej vody je vhodn\u00e9 vodomern\u00fa \u0161achtu obet\u00f3nova\u0165 such\u00fdm bet\u00f3nom. V pr\u00edpade v\u00fdskytu ve\u013emi vysokej spodnej vody sa d\u00e1va 10 cm bet\u00f3nov\u00e1 vrstva do vn\u00fatra \u0161achty, aby ju spodn\u00e1 voda nevytla\u010dila. Ne\u0161tandardne dod\u00e1vame aj uzamykate\u013en\u00fd kryt. VS sa vyr\u00e1baj\u00fa v r\u00f4znych ve\u013ekostiach. \u0160tandardne sa VS vyr\u00e1baj\u00fa s priemerom 1000 mm na vodomern\u00fd set. Rozmery VS z\u00e1visia od po\u017eiadaviek z\u00e1kazn\u00edkov a po\u017eiadaviek vod\u00e1rensk\u00fdch spolo\u010dnost\u00ed. Po dod\u00e1vke VS dostane z\u00e1kazn\u00edk certifik\u00e1t vodotesnosti.<\/span><\/p>\t\t\t\t\t<\/div>\n\t\t\t\t\t\t<\/div>\n\t\t\t\t<\/div>\n\t\t\t\t\t\t<\/div>\n\t\t\t\t\t<\/div>\n\t\t<\/div>\n\t\t\t\t\t\t\t\t<\/div>\n\t\t\t\t\t<\/div>\n\t\t<\/section>\n\t\t\t\t<section class=\"elementor-section elementor-top-section elementor-element elementor-element-3d15e1d elementor-section-boxed elementor-section-height-default elementor-section-height-default\" data-id=\"3d15e1d\" data-element_type=\"section\">\n\t\t\t\t\t\t<div class=\"elementor-container elementor-column-gap-default\">\n\t\t\t\t\t\t\t<div class=\"elementor-row\">\n\t\t\t\t\t<div class=\"elementor-column elementor-col-100 elementor-top-column elementor-element elementor-element-f34e3c5\" data-id=\"f34e3c5\" data-element_type=\"column\">\n\t\t\t<div class=\"elementor-column-wrap elementor-element-populated\">\n\t\t\t\t\t\t\t<div class=\"elementor-widget-wrap\">\n\t\t\t\t\t\t<div class=\"elementor-element elementor-element-591ac72 elementor-widget elementor-widget-spacer\" data-id=\"591ac72\" data-element_type=\"widget\" data-widget_type=\"spacer.default\">\n\t\t\t\t<div class=\"elementor-widget-container\">\n\t\t\t\t\t<div class=\"elementor-spacer\">\n\t\t\t<div class=\"elementor-spacer-inner\"><\/div>\n\t\t<\/div>\n\t\t\t\t<\/div>\n\t\t\t\t<\/div>\n\t\t\t\t\t\t<\/div>\n\t\t\t\t\t<\/div>\n\t\t<\/div>\n\t\t\t\t\t\t\t\t<\/div>\n\t\t\t\t\t<\/div>\n\t\t<\/section>\n\t\t\t\t<section class=\"elementor-section elementor-top-section elementor-element elementor-element-594c8be elementor-section-boxed elementor-section-height-default elementor-section-height-default\" data-id=\"594c8be\" data-element_type=\"section\">\n\t\t\t\t\t\t<div class=\"elementor-container elementor-column-gap-default\">\n\t\t\t\t\t\t\t<div class=\"elementor-row\">\n\t\t\t\t\t<div class=\"elementor-column elementor-col-100 elementor-top-column elementor-element elementor-element-76a578e\" data-id=\"76a578e\" data-element_type=\"column\">\n\t\t\t<div class=\"elementor-column-wrap elementor-element-populated\">\n\t\t\t\t\t\t\t<div class=\"elementor-widget-wrap\">\n\t\t\t\t\t\t<div class=\"elementor-element elementor-element-58a7a2e elementor-widget elementor-widget-gallery\" data-id=\"58a7a2e\" data-element_type=\"widget\" data-settings=\"{&quot;lazyload&quot;:&quot;yes&quot;,&quot;gallery_layout&quot;:&quot;grid&quot;,&quot;columns&quot;:4,&quot;columns_tablet&quot;:2,&quot;columns_mobile&quot;:1,&quot;gap&quot;:{&quot;unit&quot;:&quot;px&quot;,&quot;size&quot;:10,&quot;sizes&quot;:[]},&quot;gap_tablet&quot;:{&quot;unit&quot;:&quot;px&quot;,&quot;size&quot;:10,&quot;sizes&quot;:[]},&quot;gap_mobile&quot;:{&quot;unit&quot;:&quot;px&quot;,&quot;size&quot;:10,&quot;sizes&quot;:[]},&quot;link_to&quot;:&quot;file&quot;,&quot;aspect_ratio&quot;:&quot;3:2&quot;,&quot;overlay_background&quot;:&quot;yes&quot;,&quot;content_hover_animation&quot;:&quot;fade-in&quot;}\" data-widget_type=\"gallery.default\">\n\t\t\t\t<div class=\"elementor-widget-container\">\n\t\t\t\t\t<div class=\"elementor-gallery__container\">\n\t\t\t\t\t\t\t<a class=\"e-gallery-item elementor-gallery-item elementor-animated-content\" href=\"https:\/\/wfl.sk\/wp-content\/uploads\/2020\/03\/IMG_4453-scaled.jpg\" data-elementor-lightbox-slideshow=\"all-58a7a2e\">\n\t\t\t\t\t<div class=\"e-gallery-image elementor-gallery-item__image\" data-thumbnail=\"https:\/\/wfl.sk\/wp-content\/uploads\/2020\/03\/IMG_4453-300x225.jpg\" data-width=\"300\" data-height=\"225\" alt=\"\" ><\/div>\n\t\t\t\t\t\t\t\t\t\t<div class=\"elementor-gallery-item__overlay\"><\/div>\n\t\t\t\t\t\t\t\t\t\t\t\t\t\t<\/a>\n\t\t\t\t\t\t\t<a class=\"e-gallery-item elementor-gallery-item elementor-animated-content\" href=\"https:\/\/wfl.sk\/wp-content\/uploads\/2020\/03\/IMG_4454-scaled.jpg\" data-elementor-lightbox-slideshow=\"all-58a7a2e\">\n\t\t\t\t\t<div class=\"e-gallery-image elementor-gallery-item__image\" data-thumbnail=\"https:\/\/wfl.sk\/wp-content\/uploads\/2020\/03\/IMG_4454-300x225.jpg\" data-width=\"300\" data-height=\"225\" alt=\"\" ><\/div>\n\t\t\t\t\t\t\t\t\t\t<div class=\"elementor-gallery-item__overlay\"><\/div>\n\t\t\t\t\t\t\t\t\t\t\t\t\t\t<\/a>\n\t\t\t\t\t\t\t<a class=\"e-gallery-item elementor-gallery-item elementor-animated-content\" href=\"https:\/\/wfl.sk\/wp-content\/uploads\/2020\/03\/IMG_4455-scaled.jpg\" data-elementor-lightbox-slideshow=\"all-58a7a2e\">\n\t\t\t\t\t<div class=\"e-gallery-image elementor-gallery-item__image\" data-thumbnail=\"https:\/\/wfl.sk\/wp-content\/uploads\/2020\/03\/IMG_4455-300x225.jpg\" data-width=\"300\" data-height=\"225\" alt=\"\" ><\/div>\n\t\t\t\t\t\t\t\t\t\t<div class=\"elementor-gallery-item__overlay\"><\/div>\n\t\t\t\t\t\t\t\t\t\t\t\t\t\t<\/a>\n\t\t\t\t\t\t\t<a class=\"e-gallery-item elementor-gallery-item elementor-animated-content\" href=\"https:\/\/wfl.sk\/wp-content\/uploads\/2020\/03\/IMG_4456-scaled.jpg\" data-elementor-lightbox-slideshow=\"all-58a7a2e\">\n\t\t\t\t\t<div class=\"e-gallery-image elementor-gallery-item__image\" data-thumbnail=\"https:\/\/wfl.sk\/wp-content\/uploads\/2020\/03\/IMG_4456-300x225.jpg\" data-width=\"300\" data-height=\"225\" alt=\"\" ><\/div>\n\t\t\t\t\t\t\t\t\t\t<div class=\"elementor-gallery-item__overlay\"><\/div>\n\t\t\t\t\t\t\t\t\t\t\t\t\t\t<\/a>\n\t\t\t\t\t\t\t<a class=\"e-gallery-item elementor-gallery-item elementor-animated-content\" href=\"https:\/\/wfl.sk\/wp-content\/uploads\/2020\/03\/IMG_4463-scaled.jpg\" data-elementor-lightbox-slideshow=\"all-58a7a2e\">\n\t\t\t\t\t<div class=\"e-gallery-image elementor-gallery-item__image\" data-thumbnail=\"https:\/\/wfl.sk\/wp-content\/uploads\/2020\/03\/IMG_4463-300x225.jpg\" data-width=\"300\" data-height=\"225\" alt=\"\" ><\/div>\n\t\t\t\t\t\t\t\t\t\t<div class=\"elementor-gallery-item__overlay\"><\/div>\n\t\t\t\t\t\t\t\t\t\t\t\t\t\t<\/a>\n\t\t\t\t\t\t\t<a class=\"e-gallery-item elementor-gallery-item elementor-animated-content\" href=\"https:\/\/wfl.sk\/wp-content\/uploads\/2020\/03\/IMG_4464-scaled.jpg\" data-elementor-lightbox-slideshow=\"all-58a7a2e\">\n\t\t\t\t\t<div class=\"e-gallery-image elementor-gallery-item__image\" data-thumbnail=\"https:\/\/wfl.sk\/wp-content\/uploads\/2020\/03\/IMG_4464-300x225.jpg\" data-width=\"300\" data-height=\"225\" alt=\"\" ><\/div>\n\t\t\t\t\t\t\t\t\t\t<div class=\"elementor-gallery-item__overlay\"><\/div>\n\t\t\t\t\t\t\t\t\t\t\t\t\t\t<\/a>\n\t\t\t\t\t<\/div>\n\t\t\t<\/div>\n\t\t\t\t<\/div>\n\t\t\t\t\t\t<\/div>\n\t\t\t\t\t<\/div>\n\t\t<\/div>\n\t\t\t\t\t\t\t\t<\/div>\n\t\t\t\t\t<\/div>\n\t\t<\/section>\n\t\t\t\t<section class=\"elementor-section elementor-top-section elementor-element elementor-element-1193a45 elementor-section-boxed elementor-section-height-default elementor-section-height-default\" data-id=\"1193a45\" data-element_type=\"section\">\n\t\t\t\t\t\t<div class=\"elementor-container elementor-column-gap-default\">\n\t\t\t\t\t\t\t<div class=\"elementor-row\">\n\t\t\t\t\t<div class=\"elementor-column elementor-col-100 elementor-top-column elementor-element elementor-element-fc30318\" data-id=\"fc30318\" data-element_type=\"column\">\n\t\t\t<div class=\"elementor-column-wrap elementor-element-populated\">\n\t\t\t\t\t\t\t<div class=\"elementor-widget-wrap\">\n\t\t\t\t\t\t<div class=\"elementor-element elementor-element-d25c827 elementor-widget elementor-widget-spacer\" data-id=\"d25c827\" data-element_type=\"widget\" data-widget_type=\"spacer.default\">\n\t\t\t\t<div class=\"elementor-widget-container\">\n\t\t\t\t\t<div class=\"elementor-spacer\">\n\t\t\t<div class=\"elementor-spacer-inner\"><\/div>\n\t\t<\/div>\n\t\t\t\t<\/div>\n\t\t\t\t<\/div>\n\t\t\t\t\t\t<\/div>\n\t\t\t\t\t<\/div>\n\t\t<\/div>\n\t\t\t\t\t\t\t\t<\/div>\n\t\t\t\t\t<\/div>\n\t\t<\/section>\n\t\t\t\t\t\t\t\t\t<\/div>\n\t\t\t<\/div>\n\t\t\t\t\t<\/div>\n\t\t","protected":false},"excerpt":{"rendered":"<p>Vodomern\u00e9 a pre\u010derp\u00e1vacie \u0161achty VODOMERN\u00c9 \u0160ACHTY\u00a0 \u00a0 \u00a0 \u00a0\u00a0 Rozmery:\u00a0 Priemer 1m, celkov\u00e1 v\u00fd\u0161ka 1,5m Vodomern\u00e9 \u0161achty s\u00fa vyr\u00e1ban\u00e9 z nerecyklovan\u00e9ho polypropyl\u00e9nu bielej barby. Po zv\u00e1ran\u00ed zaru\u010dujeme vodotesnos\u0165. Maj\u00fa dlh\u00fa \u017eivotnos\u0165 a n\u00edzku hmotnos\u0165. Tieto \u0161achty nie je nutn\u00e9 obet\u00f3nova\u0165 a manipul\u00e1cia s nimi je jednoduch\u00e1. V z\u00e1kladnom preveden\u00ed je VS vybaven\u00e1 s krytom \u0161tandard, &hellip;<\/p>\n<p class=\"read-more\"> <a class=\"\" href=\"https:\/\/wfl.sk\/?page_id=118\"> <span class=\"screen-reader-text\">Vodomern\u00e9 a pre\u010derp\u00e1vacie \u0161achty<\/span> \u010c\u00edtajte viac &raquo;<\/a><\/p>\n","protected":false},"author":1,"featured_media":0,"parent":0,"menu_order":0,"comment_status":"closed","ping_status":"closed","template":"","meta":{"spay_email":"","footnotes":""},"class_list":["post-118","page","type-page","status-publish","hentry"],"_links":{"self":[{"href":"https:\/\/wfl.sk\/index.php?rest_route=\/wp\/v2\/pages\/118","targetHints":{"allow":["GET"]}}],"collection":[{"href":"https:\/\/wfl.sk\/index.php?rest_route=\/wp\/v2\/pages"}],"about":[{"href":"https:\/\/wfl.sk\/index.php?rest_route=\/wp\/v2\/types\/page"}],"author":[{"embeddable":true,"href":"https:\/\/wfl.sk\/index.php?rest_route=\/wp\/v2\/users\/1"}],"replies":[{"embeddable":true,"href":"https:\/\/wfl.sk\/index.php?rest_route=%2Fwp%2Fv2%2Fcomments&post=118"}],"version-history":[{"count":5,"href":"https:\/\/wfl.sk\/index.php?rest_route=\/wp\/v2\/pages\/118\/revisions"}],"predecessor-version":[{"id":392,"href":"https:\/\/wfl.sk\/index.php?rest_route=\/wp\/v2\/pages\/118\/revisions\/392"}],"wp:attachment":[{"href":"https:\/\/wfl.sk\/index.php?rest_route=%2Fwp%2Fv2%2Fmedia&parent=118"}],"curies":[{"name":"wp","href":"https:\/\/api.w.org\/{rel}","templated":true}]}}